{"id":2,"date":"2015-11-12T19:17:12","date_gmt":"2015-11-12T18:17:12","guid":{"rendered":"http:\/\/foto.amu.cz\/archivfrvr.cz\/famuarchiv\/?page_id=2"},"modified":"2022-05-26T13:49:43","modified_gmt":"2022-05-26T12:49:43","slug":"zkusebni-stranka","status":"publish","type":"page","link":"https:\/\/photography.famu.cz\/archiv\/","title":{"rendered":"Archiv Katedry fotografie FAMU"},"content":{"rendered":"<div id='gallery-1' class='gallery galleryid-2 gallery-columns-1 gallery-size-full'><figure class='gallery-item'>\n\t\t\t<div class='gallery-icon landscape'>\n\t\t\t\t<img loading=\"lazy\" decoding=\"async\" width=\"1200\" height=\"714\" src=\"https:\/\/photography.famu.cz\/archiv\/wp-content\/uploads\/2015\/11\/badatelna-mal\u00e9.jpg\" class=\"attachment-full size-full\" alt=\"\" srcset=\"https:\/\/photography.famu.cz\/archiv\/wp-content\/uploads\/2015\/11\/badatelna-mal\u00e9.jpg 1200w, https:\/\/photography.famu.cz\/archiv\/wp-content\/uploads\/2015\/11\/badatelna-mal\u00e9-300x179.jpg 300w, https:\/\/photography.famu.cz\/archiv\/wp-content\/uploads\/2015\/11\/badatelna-mal\u00e9-845x503.jpg 845w\" sizes=\"(max-width: 1200px) 100vw, 1200px\" \/>\n\t\t\t<\/div><\/figure>\n\t\t<\/div>\n\n<p><b>Archiv Katedry fotografie FAMU byl zalo\u017een v roce 2005 ve Studiu Beroun.<br \/>\n<\/b>Archivuj\u00ed se zde praktick\u00e9 i teoretick\u00e9 z\u00e1v\u011bre\u010dn\u00e9 pr\u00e1ce bakal\u00e1\u0159sk\u00e9ho a magistersk\u00e9ho studia.<\/p>\n<p>&nbsp;<\/p>\n<p>&nbsp;<\/p>\n<p>&nbsp;<\/p>\n","protected":false},"excerpt":{"rendered":"<p>Archiv Katedry fotografie FAMU byl zalo\u017een v roce 2005 ve Studiu Beroun. Archivuj\u00ed se zde praktick\u00e9 i teoretick\u00e9 z\u00e1v\u011bre\u010dn\u00e9 pr\u00e1ce bakal\u00e1\u0159sk\u00e9ho a magistersk\u00e9ho studia. &nbsp; &nbsp; &nbsp;<\/p>\n","protected":false},"author":1,"featured_media":0,"parent":0,"menu_order":0,"comment_status":"closed","ping_status":"closed","template":"","meta":{"footnotes":""},"_links":{"self":[{"href":"https:\/\/photography.famu.cz\/archiv\/index.php?rest_route=\/wp\/v2\/pages\/2"}],"collection":[{"href":"https:\/\/photography.famu.cz\/archiv\/index.php?rest_route=\/wp\/v2\/pages"}],"about":[{"href":"https:\/\/photography.famu.cz\/archiv\/index.php?rest_route=\/wp\/v2\/types\/page"}],"author":[{"embeddable":true,"href":"https:\/\/photography.famu.cz\/archiv\/index.php?rest_route=\/wp\/v2\/users\/1"}],"replies":[{"embeddable":true,"href":"https:\/\/photography.famu.cz\/archiv\/index.php?rest_route=%2Fwp%2Fv2%2Fcomments&post=2"}],"version-history":[{"count":12,"href":"https:\/\/photography.famu.cz\/archiv\/index.php?rest_route=\/wp\/v2\/pages\/2\/revisions"}],"predecessor-version":[{"id":2183,"href":"https:\/\/photography.famu.cz\/archiv\/index.php?rest_route=\/wp\/v2\/pages\/2\/revisions\/2183"}],"wp:attachment":[{"href":"https:\/\/photography.famu.cz\/archiv\/index.php?rest_route=%2Fwp%2Fv2%2Fmedia&parent=2"}],"curies":[{"name":"wp","href":"https:\/\/api.w.org\/{rel}","templated":true}]}}